{"id":13,"date":"2019-05-07T15:36:33","date_gmt":"2019-05-07T13:36:33","guid":{"rendered":"https:\/\/prospectives2020.in2p3.fr\/?page_id=13"},"modified":"2019-10-11T14:30:14","modified_gmt":"2019-10-11T12:30:14","slug":"archives","status":"publish","type":"page","link":"https:\/\/prospectives2020.in2p3.fr\/?page_id=13","title":{"rendered":"Documentation"},"content":{"rendered":"\n<p>Vous pouvez retrouver ici les rapports de pr\u00e9c\u00e9dentes \u00e9ditions de prospective.<\/p>\n\n\n\n<h2 class=\"wp-block-heading\">Plans d&rsquo;actions et prospectives France<\/h2>\n\n\n\n<ul class=\"wp-block-list\"><li>The <a href=\"http:\/\/cds.cern.ch\/record\/2691414\">Briefing Book <\/a>for the 2020 European Strategy Particle Physics Update<\/li><li><a rel=\"noreferrer noopener\" aria-label=\"Rapport de prospectives (s\u2019ouvre dans un nouvel onglet)\" href=\"https:\/\/prospectives2020.in2p3.fr\/wp-content\/uploads\/2019\/06\/in2p3_rapport-de-prospective_2018_final_0.pdf\" target=\"_blank\">Rapport de prospectives<\/a> &#8211; Conseil scientifique de l\u2019IN2P3, 2018<\/li><li><a rel=\"noreferrer noopener\" aria-label=\"Rapport de conjoncture CNRS, 2014 - Extrait (s\u2019ouvre dans un nouvel onglet)\" href=\"https:\/\/prospectives2020.in2p3.fr\/wp-content\/uploads\/2019\/06\/rapport_conjoncture_2014_pdfweb_section01_0.pdf\" target=\"_blank\">Rapport de conjoncture CNRS, 2014 &#8211; Extrait<\/a> &#8211; Section 01- Interactions, particules, noyaux, du laboratoire au cosmos<\/li><li><a rel=\"noreferrer noopener\" href=\"http:\/\/old.in2p3.fr\/actions\/publications\/media\/prospective_2013.pdf\" target=\"_blank\">Rapport de prospective 2013 &#8211; 2022 de l&rsquo;IN2P3 et de l&rsquo;Irfu<\/a><\/li><li> <a rel=\"noreferrer noopener\" aria-label=\"Rapport de conjoncture 2010 (s\u2019ouvre dans un nouvel onglet)\" href=\"https:\/\/prospectives2020.in2p3.fr\/wp-content\/uploads\/2019\/06\/03_conj_2010.pdf\" target=\"_blank\">Rapport de conjoncture 2010<\/a> &#8211; Interactions, particules, noyaux, du laboratoire au cosmos  <\/li><li>Rapport de prospective IN2P3 &#8211; Dapnia, 2005 <ul><li><a rel=\"noreferrer noopener\" href=\"http:\/\/old.in2p3.fr\/actions\/publications\/media\/prospectivefr_2005.pdf\" target=\"_blank\">version fran\u00e7aise<\/a><\/li><li><a rel=\"noreferrer noopener\" href=\"http:\/\/old.in2p3.fr\/actions\/publications\/media\/prospectiveuk_2005.pdf\" target=\"_blank\">version anglaise<\/a> <\/li><\/ul><\/li><li><a rel=\"noreferrer noopener\" href=\"http:\/\/old.in2p3.fr\/actions\/publications\/media\/plan_action_2002.pdf\" target=\"_blank\">Plan d&rsquo;action 2002 &#8211; 2005 de l&rsquo;IN2P3<\/a><\/li><li><a rel=\"noreferrer noopener\" href=\"http:\/\/old.in2p3.fr\/actions\/publications\/media\/prospective_CSD_2004.pdf\" target=\"_blank\">Rapport de prospective \u00e9tabli \u00e0 partir des d\u00e9bats et contributions du Conseil scientifique du d\u00e9partement, 2004<\/a><\/li><li><a rel=\"noreferrer noopener\" href=\"http:\/\/old.in2p3.fr\/actions\/publications\/media\/prospective_giens_2002.pdf\" target=\"_blank\">Les Journ\u00e9es d&rsquo;instrumentation et de prospective de Giens, 2002<\/a><\/li><li><a rel=\"noreferrer noopener\" href=\"http:\/\/old.in2p3.fr\/actions\/publications\/media\/plan_action_1997.pdf\" target=\"_blank\">Plan d&rsquo;action 1997 &#8211; 2000 de l&rsquo;IN2P3<\/a><br><\/li><\/ul>\n\n\n\n<p><\/p>\n\n\n\n<h2 class=\"wp-block-heading\">Plan d&rsquo;actions et prospective Europe <\/h2>\n\n\n\n<h4 class=\"wp-block-heading\"> Astroparticle Physics European Consortium (APPEC) <\/h4>\n\n\n\n<p>APPEC Roadmap \u00ab\u00a0<a rel=\"noreferrer noopener\" aria-label=\"European Astroparticle Physics Strategy 2017-2026 (s\u2019ouvre dans un nouvel onglet)\" href=\"https:\/\/www.appec.org\/roadmap\" target=\"_blank\">European Astroparticle Physics Strategy 2017-2026<\/a>\u00ab\u00a0<\/p>\n\n\n\n<h4 class=\"wp-block-heading\"> Nuclear Physics European Collaboration Committee  (NuPPEC) <\/h4>\n\n\n\n<p>NuPECC Long Range Plan 2017 \u00ab\u00a0<a rel=\"noreferrer noopener\" aria-label=\"Perspectives for Nuclear Physics (s\u2019ouvre dans un nouvel onglet)\" href=\"http:\/\/www.nupecc.org\/lrp2016\/Documents\/lrp2017.pdf\" target=\"_blank\">Perspectives for Nuclear Physics<\/a>\u00ab\u00a0<\/p>\n\n\n\n<h4 class=\"wp-block-heading\">European Strategy for Particle Physics <\/h4>\n\n\n\n<p>Strategy Report \u00ab\u00a0<a rel=\"noreferrer noopener\" aria-label=\"Accelerating science and innovation - Societal benefits of European research in particle physics (s\u2019ouvre dans un nouvel onglet)\" href=\"https:\/\/cds.cern.ch\/record\/1551933\/files\/Strategy_Report_LR.pdf\" target=\"_blank\">Accelerating science and innovation &#8211; Societal benefits of European research in particle physics<\/a>\u00ab\u00a0<\/p>\n\n\n\n<p><\/p>\n\n\n\n<p><\/p>\n","protected":false},"excerpt":{"rendered":"<div class=\"entry-summary\">\nVous pouvez retrouver ici les rapports de pr\u00e9c\u00e9dentes \u00e9ditions de prospective. Plans d&rsquo;actions et prospectives France The Briefing Book for the 2020 European Strategy Particle Physics Update Rapport de prospectives &#8211; Conseil scientifique de l\u2019IN2P3, 2018 Rapport de conjoncture CNRS,&hellip;\n<\/div>\n<div class=\"link-more\"><a href=\"https:\/\/prospectives2020.in2p3.fr\/?page_id=13\" class=\"more-link\">Continue reading<span class=\"screen-reader-text\"> &ldquo;Documentation&rdquo;<\/span>&hellip;<\/a><\/div>\n","protected":false},"author":3,"featured_media":0,"parent":0,"menu_order":0,"comment_status":"closed","ping_status":"closed","template":"","meta":{"footnotes":""},"class_list":["post-13","page","type-page","status-publish","hentry","entry"],"jetpack_sharing_enabled":true,"_links":{"self":[{"href":"https:\/\/prospectives2020.in2p3.fr\/index.php?rest_route=\/wp\/v2\/pages\/13","targetHints":{"allow":["GET"]}}],"collection":[{"href":"https:\/\/prospectives2020.in2p3.fr\/index.php?rest_route=\/wp\/v2\/pages"}],"about":[{"href":"https:\/\/prospectives2020.in2p3.fr\/index.php?rest_route=\/wp\/v2\/types\/page"}],"author":[{"embeddable":true,"href":"https:\/\/prospectives2020.in2p3.fr\/index.php?rest_route=\/wp\/v2\/users\/3"}],"replies":[{"embeddable":true,"href":"https:\/\/prospectives2020.in2p3.fr\/index.php?rest_route=%2Fwp%2Fv2%2Fcomments&post=13"}],"version-history":[{"count":6,"href":"https:\/\/prospectives2020.in2p3.fr\/index.php?rest_route=\/wp\/v2\/pages\/13\/revisions"}],"predecessor-version":[{"id":257,"href":"https:\/\/prospectives2020.in2p3.fr\/index.php?rest_route=\/wp\/v2\/pages\/13\/revisions\/257"}],"wp:attachment":[{"href":"https:\/\/prospectives2020.in2p3.fr\/index.php?rest_route=%2Fwp%2Fv2%2Fmedia&parent=13"}],"curies":[{"name":"wp","href":"https:\/\/api.w.org\/{rel}","templated":true}]}}