{"id":293,"date":"2020-07-10T09:34:08","date_gmt":"2020-07-10T07:34:08","guid":{"rendered":"https:\/\/prospectives2020.in2p3.fr\/?page_id=293"},"modified":"2022-12-12T15:07:31","modified_gmt":"2022-12-12T14:07:31","slug":"colloque-de-restitution-2","status":"publish","type":"page","link":"https:\/\/prospectives2020.in2p3.fr\/?page_id=293","title":{"rendered":"Colloque de restitution"},"content":{"rendered":"\n<p>Le colloque de restitution des prospectives a eu lieu:<\/p>\n\n\n\n<p class=\"has-text-align-center\"><strong>au Club Belambra de Giens du 19 au 22 octobre 2021<\/strong><\/p>\n\n\n\n<p>Ce colloque a permis de pr\u00e9senter les travaux effectu\u00e9s par <a href=\"https:\/\/prospectives2020.in2p3.fr\/?page_id=18\">les 13 groupes de travail<\/a> entre septembre 2019 et juin 2020 et de pr\u00e9parer la synth\u00e8se en vue de l&rsquo;\u00e9laboration de la feuille de route 2020-2030.<\/p>\n\n\n\n<p><a rel=\"noreferrer noopener\" href=\"https:\/\/indico.in2p3.fr\/event\/22028\/\" target=\"_blank\">L&rsquo;agenda et les pr\u00e9sentations sont disponibles sur le site indico.<\/a><\/p>\n\n\n\n<p><a href=\"https:\/\/webcast.in2p3.fr\/container\/colloque-de-restitution-de-l-exercice-de-prospective-nationale-2021-2030\">Les enregistrements vid\u00e9os sont disponibles sur le webcast CC-IN2P3.<\/a>  <\/p>\n","protected":false},"excerpt":{"rendered":"<div class=\"entry-summary\">\nLe colloque de restitution des prospectives a eu lieu: au Club Belambra de Giens du 19 au 22 octobre 2021 Ce colloque a permis de pr\u00e9senter les travaux effectu\u00e9s par les 13 groupes de travail entre septembre 2019 et juin&hellip;\n<\/div>\n<div class=\"link-more\"><a href=\"https:\/\/prospectives2020.in2p3.fr\/?page_id=293\" class=\"more-link\">Continue reading<span class=\"screen-reader-text\"> &ldquo;Colloque de restitution&rdquo;<\/span>&hellip;<\/a><\/div>\n","protected":false},"author":2,"featured_media":0,"parent":0,"menu_order":0,"comment_status":"closed","ping_status":"closed","template":"","meta":{"footnotes":""},"class_list":["post-293","page","type-page","status-publish","hentry","entry"],"jetpack_sharing_enabled":true,"_links":{"self":[{"href":"https:\/\/prospectives2020.in2p3.fr\/index.php?rest_route=\/wp\/v2\/pages\/293","targetHints":{"allow":["GET"]}}],"collection":[{"href":"https:\/\/prospectives2020.in2p3.fr\/index.php?rest_route=\/wp\/v2\/pages"}],"about":[{"href":"https:\/\/prospectives2020.in2p3.fr\/index.php?rest_route=\/wp\/v2\/types\/page"}],"author":[{"embeddable":true,"href":"https:\/\/prospectives2020.in2p3.fr\/index.php?rest_route=\/wp\/v2\/users\/2"}],"replies":[{"embeddable":true,"href":"https:\/\/prospectives2020.in2p3.fr\/index.php?rest_route=%2Fwp%2Fv2%2Fcomments&post=293"}],"version-history":[{"count":11,"href":"https:\/\/prospectives2020.in2p3.fr\/index.php?rest_route=\/wp\/v2\/pages\/293\/revisions"}],"predecessor-version":[{"id":382,"href":"https:\/\/prospectives2020.in2p3.fr\/index.php?rest_route=\/wp\/v2\/pages\/293\/revisions\/382"}],"wp:attachment":[{"href":"https:\/\/prospectives2020.in2p3.fr\/index.php?rest_route=%2Fwp%2Fv2%2Fmedia&parent=293"}],"curies":[{"name":"wp","href":"https:\/\/api.w.org\/{rel}","templated":true}]}}