{"id":313,"date":"2020-08-05T08:28:52","date_gmt":"2020-08-05T06:28:52","guid":{"rendered":"https:\/\/prospectives2020.in2p3.fr\/?page_id=313"},"modified":"2022-07-25T11:40:17","modified_gmt":"2022-07-25T09:40:17","slug":"rapports-des-gt","status":"publish","type":"page","link":"https:\/\/prospectives2020.in2p3.fr\/?page_id=313","title":{"rendered":"Rapports des GT"},"content":{"rendered":"\n<p>Mise en ligne des rapports des groupes de travail: derni\u00e8re MAJ le 5 ao\u00fbt 2020<\/p>\n\n\n\n<p><a href=\"https:\/\/box.in2p3.fr\/index.php\/s\/MmXJ83BxGP6NH9g\">GT01 \u2013 Physique des particules<\/a><\/p>\n\n\n\n<p><a href=\"https:\/\/box.in2p3.fr\/index.php\/s\/9oHZGgCCmcMSN4c\">GT02 \u2013 Physique et astrophysique nucl\u00e9aire<\/a><\/p>\n\n\n\n<p><a href=\"https:\/\/box.in2p3.fr\/index.php\/s\/4AGQkZZPZoasTRR\">GT03 \u2013 Physique hadronique<\/a><\/p>\n\n\n\n<p><a href=\"https:\/\/box.in2p3.fr\/index.php\/s\/qE68WaPDaqjWDN7\">GT04 \u2013 Physique des astroparticules<\/a><\/p>\n\n\n\n<p><a href=\"https:\/\/box.in2p3.fr\/index.php\/s\/mPqjFzrzpaxWkLL\">GT05 \u2013 Physique de l\u2019inflation et \u00e9nergie noire<\/a><\/p>\n\n\n\n<p><a href=\"https:\/\/box.in2p3.fr\/index.php\/s\/7wJ8iXM5ok3zMAx\">GT06 \u2013 Physique des neutrinos et mati\u00e8re noire<\/a><\/p>\n\n\n\n<p><a href=\"https:\/\/box.in2p3.fr\/index.php\/s\/ZgCZtszNAf2zkmx\">GT07 \u2013 Acc\u00e9l\u00e9rateurs et instrumentation associ\u00e9e<\/a><\/p>\n\n\n\n<p><a href=\"https:\/\/box.in2p3.fr\/index.php\/s\/KyNJeTseYW5o5aY\" target=\"_blank\" rel=\"noreferrer noopener\">GT08 \u2013 D\u00e9tecteurs et instrumentation associ\u00e9e<\/a><\/p>\n\n\n\n<p><a href=\"https:\/\/box.in2p3.fr\/index.php\/s\/DmJMpRkpdXWcaQY\" target=\"_blank\" rel=\"noreferrer noopener\">GT09 \u2013 Calcul, algorithmes et donn\u00e9es<\/a><\/p>\n\n\n\n<p><a href=\"https:\/\/box.in2p3.fr\/index.php\/s\/SiFnX87a97PH8iw\">GT10 \u2013 Applications associ\u00e9es : sciences nucl\u00e9aires et vivant<\/a><\/p>\n\n\n\n<p><a href=\"https:\/\/box.in2p3.fr\/index.php\/s\/HTE7gjDnLNGXpX7\" target=\"_blank\" rel=\"noreferrer noopener\">GT11 \u2013 Energie nucl\u00e9aire et environnement<\/a><\/p>\n\n\n\n<p><a href=\"https:\/\/box.in2p3.fr\/index.php\/s\/RcgedYtcM2EcPxT\" target=\"_blank\" rel=\"noreferrer noopener\">GT12 \u2013 Applications associ\u00e9es : g\u00e9osciences, syst\u00e8me solaire et milieu interstellaire<\/a><\/p>\n","protected":false},"excerpt":{"rendered":"<div class=\"entry-summary\">\nMise en ligne des rapports des groupes de travail: derni\u00e8re MAJ le 5 ao\u00fbt 2020 GT01 \u2013 Physique des particules GT02 \u2013 Physique et astrophysique nucl\u00e9aire GT03 \u2013 Physique hadronique GT04 \u2013 Physique des astroparticules GT05 \u2013 Physique de l\u2019inflation&hellip;\n<\/div>\n<div class=\"link-more\"><a href=\"https:\/\/prospectives2020.in2p3.fr\/?page_id=313\" class=\"more-link\">Continue reading<span class=\"screen-reader-text\"> &ldquo;Rapports des GT&rdquo;<\/span>&hellip;<\/a><\/div>\n","protected":false},"author":2,"featured_media":0,"parent":0,"menu_order":0,"comment_status":"closed","ping_status":"closed","template":"","meta":{"footnotes":""},"class_list":["post-313","page","type-page","status-publish","hentry","entry"],"jetpack_sharing_enabled":true,"_links":{"self":[{"href":"https:\/\/prospectives2020.in2p3.fr\/index.php?rest_route=\/wp\/v2\/pages\/313","targetHints":{"allow":["GET"]}}],"collection":[{"href":"https:\/\/prospectives2020.in2p3.fr\/index.php?rest_route=\/wp\/v2\/pages"}],"about":[{"href":"https:\/\/prospectives2020.in2p3.fr\/index.php?rest_route=\/wp\/v2\/types\/page"}],"author":[{"embeddable":true,"href":"https:\/\/prospectives2020.in2p3.fr\/index.php?rest_route=\/wp\/v2\/users\/2"}],"replies":[{"embeddable":true,"href":"https:\/\/prospectives2020.in2p3.fr\/index.php?rest_route=%2Fwp%2Fv2%2Fcomments&post=313"}],"version-history":[{"count":32,"href":"https:\/\/prospectives2020.in2p3.fr\/index.php?rest_route=\/wp\/v2\/pages\/313\/revisions"}],"predecessor-version":[{"id":378,"href":"https:\/\/prospectives2020.in2p3.fr\/index.php?rest_route=\/wp\/v2\/pages\/313\/revisions\/378"}],"wp:attachment":[{"href":"https:\/\/prospectives2020.in2p3.fr\/index.php?rest_route=%2Fwp%2Fv2%2Fmedia&parent=313"}],"curies":[{"name":"wp","href":"https:\/\/api.w.org\/{rel}","templated":true}]}}