{"id":443,"date":"2023-09-22T09:01:24","date_gmt":"2023-09-22T07:01:24","guid":{"rendered":"https:\/\/prospectives2020.in2p3.fr\/?page_id=443"},"modified":"2023-09-22T09:23:18","modified_gmt":"2023-09-22T07:23:18","slug":"prospectives-techniques","status":"publish","type":"page","link":"https:\/\/prospectives2020.in2p3.fr\/?page_id=443","title":{"rendered":"Prospectives techniques"},"content":{"rendered":"\n<blockquote class=\"wp-block-quote is-layout-flow wp-block-quote-is-layout-flow\">\n<p><strong>Accompagner, Evoluer, Transmettre.<\/strong><\/p>\n<\/blockquote>\n\n\n\n<ul class=\"wp-block-list\"><\/ul>\n\n\n\n<p>Rapport des prospectives techniques de l&rsquo;IN2P3 r\u00e9alis\u00e9es en 2021:<\/p>\n\n\n\n<ul class=\"wp-block-list\">\n<li><a href=\"https:\/\/doi.org\/10.5281\/zenodo.8367590\">https:\/\/doi.org\/10.5281\/zenodo.8367590<\/a><\/li>\n\n\n\n<li><a href=\"https:\/\/hal.in2p3.fr\/in2p3-04214221v1\">https:\/\/hal.in2p3.fr\/in2p3-04214221v1<\/a><\/li>\n<\/ul>\n\n\n\n<p>L\u2019exercice de prospective nationale en physique nucl\u00e9aire, physique des particules et astroparticules a abouti \u00e0 l&rsquo;\u00e9laboration d&rsquo;une feuille de route pour l&rsquo;horizon 2030.<\/p>\n\n\n\n<p>En compl\u00e9ment de cet exercice, des prospectives techniques (PECTIN) ont \u00e9t\u00e9 sollicit\u00e9es par la direction de l\u2019IN2P3. Elles se proposent d\u2019\u00e9clairer la politique d\u2019institut et celle des laboratoires pour la gestion des comp\u00e9tences. Ce travail a \u00e9t\u00e9 men\u00e9 comme un projet par un groupe de 16 personnes et a fait appel \u00e0 de tr\u00e8s larges consultations.<\/p>\n\n\n\n<p>Ce document pr\u00e9sente une synth\u00e8se de ces prospectives techniques et un \u00e9chantillon d\u2019analyses en appui de recommandations. Les recommandations se d\u00e9clinent en trois grandes cat\u00e9gories : i) approche multi-laboratoire et innovation technologique pour le futur, ii) mutation et \u00e9volution de notre organisation et iii) adaptation des fonctions support et transverses aux nouvelles exigences.<\/p>\n\n\n\n<p><strong>Membres du GT PECTIN:<\/strong> Florence Ardellier, Cyrille Berthe, Rodolphe Cledassou, R\u00e9mi Cornat, Magali Damoiseaux, Bernard Genolini,  Val\u00e9rie Givaudan, Laurent Gross, Philippe Laborie, Renaud Le Gac, David Longuevergne, Sandrine Pavy, Thierry Ollivier,  Martine Verdenelli.<\/p>\n\n\n\n<p><strong>Annexes :<\/strong><\/p>\n\n\n\n<ul class=\"wp-block-list\">\n<li><a href=\"https:\/\/prospectives2020.in2p3.fr\/wp-content\/uploads\/2023\/01\/Annexe-methodologie_prospectives-techniques_IN2P3_2022.pdf\">M\u00e9thodologie<\/a><\/li>\n\n\n\n<li><a href=\"https:\/\/prospectives2020.in2p3.fr\/wp-content\/uploads\/2023\/01\/Annexe-specialites_prospectives-techniques_IN2P3_2022.pdf\">R\u00e9f\u00e9rentiel des sp\u00e9cialit\u00e9s<\/a><\/li>\n<\/ul>\n","protected":false},"excerpt":{"rendered":"<div class=\"entry-summary\">\nAccompagner, Evoluer, Transmettre. Rapport des prospectives techniques de l&rsquo;IN2P3 r\u00e9alis\u00e9es en 2021: L\u2019exercice de prospective nationale en physique nucl\u00e9aire, physique des particules et astroparticules a abouti \u00e0 l&rsquo;\u00e9laboration d&rsquo;une feuille de route pour l&rsquo;horizon 2030. En compl\u00e9ment de cet exercice,&hellip;\n<\/div>\n<div class=\"link-more\"><a href=\"https:\/\/prospectives2020.in2p3.fr\/?page_id=443\" class=\"more-link\">Continue reading<span class=\"screen-reader-text\"> &ldquo;Prospectives techniques&rdquo;<\/span>&hellip;<\/a><\/div>\n","protected":false},"author":2,"featured_media":0,"parent":0,"menu_order":0,"comment_status":"closed","ping_status":"closed","template":"","meta":{"footnotes":""},"class_list":["post-443","page","type-page","status-publish","hentry","entry"],"jetpack_sharing_enabled":true,"_links":{"self":[{"href":"https:\/\/prospectives2020.in2p3.fr\/index.php?rest_route=\/wp\/v2\/pages\/443","targetHints":{"allow":["GET"]}}],"collection":[{"href":"https:\/\/prospectives2020.in2p3.fr\/index.php?rest_route=\/wp\/v2\/pages"}],"about":[{"href":"https:\/\/prospectives2020.in2p3.fr\/index.php?rest_route=\/wp\/v2\/types\/page"}],"author":[{"embeddable":true,"href":"https:\/\/prospectives2020.in2p3.fr\/index.php?rest_route=\/wp\/v2\/users\/2"}],"replies":[{"embeddable":true,"href":"https:\/\/prospectives2020.in2p3.fr\/index.php?rest_route=%2Fwp%2Fv2%2Fcomments&post=443"}],"version-history":[{"count":8,"href":"https:\/\/prospectives2020.in2p3.fr\/index.php?rest_route=\/wp\/v2\/pages\/443\/revisions"}],"predecessor-version":[{"id":452,"href":"https:\/\/prospectives2020.in2p3.fr\/index.php?rest_route=\/wp\/v2\/pages\/443\/revisions\/452"}],"wp:attachment":[{"href":"https:\/\/prospectives2020.in2p3.fr\/index.php?rest_route=%2Fwp%2Fv2%2Fmedia&parent=443"}],"curies":[{"name":"wp","href":"https:\/\/api.w.org\/{rel}","templated":true}]}}