{"id":8,"date":"2019-05-07T15:29:22","date_gmt":"2019-05-07T13:29:22","guid":{"rendered":"https:\/\/prospectives2020.in2p3.fr\/?page_id=8"},"modified":"2020-03-03T14:36:59","modified_gmt":"2020-03-03T13:36:59","slug":"groupes-de-travail","status":"publish","type":"page","link":"https:\/\/prospectives2020.in2p3.fr\/?page_id=8","title":{"rendered":"Groupes Th\u00e9matiques"},"content":{"rendered":"\n<h2 class=\"wp-block-heading\">GT01 \u2013 Physique des particules<\/h2>\n\n\n\n<h4 class=\"wp-block-heading\">Laurent Vacavant<\/h4>\n\n\n\n<p>Dirk Zerwas (IRN Terascale, LAL), Francesco Polci (GDR InF, LPNHE), Christopher Smith (CSI, LPSC), Marie-H\u00e9l\u00e8ne Genest (LPSC), Christophe Ochando (LLR)<\/p>\n\n\n\n<ul class=\"wp-block-list\"><li>Le mod\u00e8le standard de la physique des particules et au-del\u00e0<\/li><li>Le m\u00e9lange et la violation de CP dans le secteur des quarks<\/li><li>Les tests de pr\u00e9cision des interactions fondamentales<\/li><\/ul>\n\n\n\n<p><a rel=\"noreferrer noopener\" aria-label=\" (s\u2019ouvre dans un nouvel onglet)\" href=\"https:\/\/listserv.in2p3.fr\/cgi-bin\/wa?A0=PROSP2020-GT01-L\" target=\"_blank\"> Acc\u00e8s et inscription \u00e0 la mailing list du groupe de travail GT01.<\/a><br> <a rel=\"noreferrer noopener\" aria-label=\" (s\u2019ouvre dans un nouvel onglet)\" href=\"mailto:PROSP2020-GT01-COPIL-L@IN2P3.FR\" target=\"_blank\">Contacter le comit\u00e9 de pilotage du groupe GT01<\/a>.<br>Appel \u00e0 contributions: date limite 29\/11\/2019.<\/p>\n\n\n\n<h2 class=\"wp-block-heading\">GT02 \u2013 Physique et astrophysique nucl\u00e9aire&nbsp; <\/h2>\n\n\n\n<h4 class=\"wp-block-heading\">Fanny Farget<\/h4>\n\n\n\n<p>J\u00e9r\u00f4me Margueron (GDR RESANET, IP2I), Giuseppe Verde (CSI, GANIL\/INFN), St\u00e9phane Gr\u00e9vy (CENBG), Iulian St\u00e9fan (IPNO)<\/p>\n\n\n\n<ul class=\"wp-block-list\"><li>Les propri\u00e9t\u00e9s de noyaux atomiques<\/li><li>La nucl\u00e9osynth\u00e8se et la formation de mati\u00e8re dans l\u2019univers<\/li><\/ul>\n\n\n\n<p><a rel=\"noreferrer noopener\" aria-label=\" (s\u2019ouvre dans un nouvel onglet)\" href=\"https:\/\/listserv.in2p3.fr\/cgi-bin\/wa?A0=PROSP2020-GT02-L\" target=\"_blank\">Acc\u00e8s et inscription \u00e0 la mailing list du groupe de travail GT02.<\/a><br><a rel=\"noreferrer noopener\" aria-label=\" (s\u2019ouvre dans un nouvel onglet)\" href=\"mailto:PROSP2020-GT02-COPIL-L@IN2P3.FR\" target=\"_blank\">Contacter le comit\u00e9 de pilotage du groupe GT02<\/a>.<br><a href=\"https:\/\/prospectives2020.in2p3.fr\/wp-content\/uploads\/2019\/07\/GT02_appel.pdf\">Appel \u00e0 contributions<\/a>: date limite 15\/09\/2019, (<a href=\"https:\/\/prospectives2020.in2p3.fr\/wp-content\/uploads\/2019\/07\/GT02_template.docx\">mod\u00e8le<\/a>).<\/p>\n\n\n\n<h2 class=\"wp-block-heading\">GT03 \u2013 Physique hadronique&nbsp; <\/h2>\n\n\n\n<h4 class=\"wp-block-heading\">Laurent Vacavant<\/h4>\n\n\n\n<p>Klaus Werner (SUBATECH), Carlos Munoz (IPNO), B\u00e9atrice Ramstein (CSI, IPNO), Fr\u00e9d\u00e9ric Fleuret (GDR QCD, LLR)<\/p>\n\n\n\n<ul class=\"wp-block-list\"><li>&nbsp;La structure du nucl\u00e9on<\/li><li>&nbsp;Les propri\u00e9t\u00e9s fondamentales de la mati\u00e8re en interaction forte<\/li><\/ul>\n\n\n\n<p> <a rel=\"noreferrer noopener\" aria-label=\" (s\u2019ouvre dans un nouvel onglet)\" href=\"https:\/\/listserv.in2p3.fr\/cgi-bin\/wa?A0=PROSP2020-GT03-L\" target=\"_blank\">Acc\u00e8s et inscription \u00e0 la mailing list du groupe de travail GT03.<\/a><br><a rel=\"noreferrer noopener\" aria-label=\" (s\u2019ouvre dans un nouvel onglet)\" href=\"mailto:PROSP2020-GT03-COPIL-L@IN2P3.FR\" target=\"_blank\">Contacter le comit\u00e9 de pilotage du groupe GT03<\/a>.<br>Appel \u00e0 contributions: date limite 15\/11\/2019.<\/p>\n\n\n\n<h2 class=\"wp-block-heading\">GT04 \u2013 Physique des astroparticules&nbsp; <\/h2>\n\n\n\n<h4 class=\"wp-block-heading\">Berrie Giebels<\/h4>\n\n\n\n<p>Chiara Caprini (GDR OG, APC), Fr\u00e9d\u00e9rique Marion (CSI, LAPP),  Regis Terrier (APC), Francesca Calore (LAPTH)<\/p>\n\n\n\n<ul class=\"wp-block-list\"><li>La physique associ\u00e9e aux ondes gravitationnelles<\/li><li>La nature et l\u2019origine des rayons cosmiques (gammas,  cosmiques charg\u00e9s, neutrinos) de haute \u00e9nergie<\/li><\/ul>\n\n\n\n<p><a rel=\"noreferrer noopener\" aria-label=\" (s\u2019ouvre dans un nouvel onglet)\" href=\"https:\/\/listserv.in2p3.fr\/cgi-bin\/wa?A0=PROSP2020-GT04-L\" target=\"_blank\">Acc\u00e8s et inscription \u00e0 la mailing list du groupe de travail GT04.<\/a><br><a rel=\"noreferrer noopener\" aria-label=\" (s\u2019ouvre dans un nouvel onglet)\" href=\"mailto:PROSP2020-GT04-COPIL-L@IN2P3.FR\" target=\"_blank\">Contacter le comit\u00e9 de pilotage du groupe GT04<\/a>.<br><a href=\"https:\/\/prospectives2020.in2p3.fr\/wp-content\/uploads\/2019\/07\/GT04_appel.pdf\">Appel \u00e0 contributions<\/a>: date limite 01\/10\/2019.<\/p>\n\n\n\n<h2 class=\"wp-block-heading\">GT05 \u2013 Physique de l\u2019inflation et \u00e9nergie noire<\/h2>\n\n\n\n<h4 class=\"wp-block-heading\">Berrie Giebels<strong><em> <\/em><\/strong><\/h4>\n\n\n\n<p>Emmanuel Gangler (LPC), Mathieu Tristram (LAL), Sophie Henrot (CSI, LAL), Andrea Catalano (LPSC), Ken Ganga (APC)<\/p>\n\n\n\n<ul class=\"wp-block-list\"><li>Les propri\u00e9t\u00e9s de l\u2019\u00e9nergie noire<\/li><li>L\u2019inflation et le rayonnement cosmique micro-onde<\/li><\/ul>\n\n\n\n<p><a rel=\"noreferrer noopener\" aria-label=\" (s\u2019ouvre dans un nouvel onglet)\" href=\"https:\/\/listserv.in2p3.fr\/cgi-bin\/wa?A0=PROSP2020-GT05-L\" target=\"_blank\">Acc\u00e8s et inscription \u00e0 la mailing list du groupe de travail GT05.<\/a><br><a rel=\"noreferrer noopener\" aria-label=\" (s\u2019ouvre dans un nouvel onglet)\" href=\"mailto:PROSP2020-GT05-COPIL-L@IN2P3.FR\" target=\"_blank\">Contacter le comit\u00e9 de pilotage du groupe GT05<\/a>.<br><a href=\"https:\/\/prospectives2020.in2p3.fr\/wp-content\/uploads\/2019\/07\/GT05_appel.pdf\">Appel \u00e0 contributions<\/a>: date limite 21\/10\/2019.<\/p>\n\n\n\n<h2 class=\"wp-block-heading\">GT06 \u2013 Physique des neutrinos et mati\u00e8re noire&nbsp;<\/h2>\n\n\n\n<h4 class=\"wp-block-heading\">Berrie Giebels<\/h4>\n\n\n\n<p>Fanny Farget (IN2P3), Laurent Vacavant (IN2P3), Dominique Duchesneau (GDR neutrino, LAPP), Anselmo Meregaglia (GDR neutrino, CENBG), Corinne Augier (GDR Underground physics, IP2I), Fr\u00e9d\u00e9ric Yermia (CSI, SUBATECH)<\/p>\n\n\n\n<ul class=\"wp-block-list\"><li>La nature, les masses et le m\u00e9lange des neutrinos<\/li><li>La nature de la Mati\u00e8re Noire<\/li><\/ul>\n\n\n\n<p><a rel=\"noreferrer noopener\" aria-label=\" (s\u2019ouvre dans un nouvel onglet)\" href=\"https:\/\/listserv.in2p3.fr\/cgi-bin\/wa?A0=PROSP2020-GT06-L\" target=\"_blank\">Acc\u00e8s et inscription \u00e0 la mailing list du groupe de travail GT06.<\/a><br><a rel=\"noreferrer noopener\" aria-label=\" (s\u2019ouvre dans un nouvel onglet)\" href=\"mailto:PROSP2020-GT06-COPIL-L@IN2P3.FR\" target=\"_blank\">Contacter le comit\u00e9 de pilotage du groupe GT06<\/a>.<br><a href=\"https:\/\/prospectives2020.in2p3.fr\/wp-content\/uploads\/2019\/07\/GT06_appel.pdf\">Appel \u00e0 contributions<\/a>: date limite 20\/09\/2019.<\/p>\n\n\n\n<h2 class=\"wp-block-heading\">GT07 \u2013 Acc\u00e9l\u00e9rateurs et instrumentation associ\u00e9e&nbsp;<\/h2>\n\n\n\n<h4 class=\"wp-block-heading\"> Jean-Luc Biarrotte <\/h4>\n\n\n\n<p>Rodolphe Cledassou (IN2P3), Brigitte Cros (GdR Appel, CSI, LPGP), Angeles Faus-Golfe (LAL), Luc Perrot (IPNO)<\/p>\n\n\n\n<ul class=\"wp-block-list\"><li>Les sources innovantes d\u2019\u00e9lectrons<\/li><li>L\u2019acc\u00e9l\u00e9ration laser-plasma, collisionneurs de haute \u00e9nergie et synchrotrons<\/li><li>Les cavit\u00e9s supraconductrice RF, les linacs de protons de forte puissance et ADS<\/li><li>La production et l\u2019acc\u00e9l\u00e9ration d\u2019ions lourds stables et radioactifs<\/li><\/ul>\n\n\n\n<p><a rel=\"noreferrer noopener\" aria-label=\" (s\u2019ouvre dans un nouvel onglet)\" href=\"https:\/\/listserv.in2p3.fr\/cgi-bin\/wa?A0=PROSP2020-GT07-L\" target=\"_blank\">Acc\u00e8s et inscription \u00e0 la mailing list du groupe de travail GT07.<\/a><br><a href=\"mailto:PROSP2020-GT07-COPIL-L@IN2P3.FR\">Contacter le comit\u00e9 de pilotage du groupe GT07<\/a>.<br><a href=\"https:\/\/prospectives2020.in2p3.fr\/wp-content\/uploads\/2019\/07\/GT07_appel.pdf\">Appel \u00e0 contributions<\/a>: date limite 01\/11\/2019, (<a href=\"https:\/\/prospectives2020.in2p3.fr\/wp-content\/uploads\/2019\/07\/GT07_template.docx\">mod\u00e8le<\/a>).<\/p>\n\n\n\n<h2 class=\"wp-block-heading\">GT08 \u2013 D\u00e9tecteurs et instrumentation associ\u00e9e&nbsp;<\/h2>\n\n\n\n<h4 class=\"wp-block-heading\">  Jean-Luc Biarrotte  <\/h4>\n\n\n\n<p>Rodolphe Cledassou (IN2P3), Julien Pancin (GANIL), Didier Laporte (LPNHE, CSI), Laurent Serin (LAL), V\u00e9ronique Puill (LAL)<\/p>\n\n\n\n<ul class=\"wp-block-list\"><li>D\u00e9tecteurs innovants pour la PN, PP et des AP<\/li><li>Techniques innovantes en instrumentation en PN, PP et AP<\/li><\/ul>\n\n\n\n<p><a rel=\"noreferrer noopener\" aria-label=\" (s\u2019ouvre dans un nouvel onglet)\" href=\"https:\/\/listserv.in2p3.fr\/cgi-bin\/wa?A0=PROSP2020-GT08-L\" target=\"_blank\">Acc\u00e8s et inscription \u00e0 la mailing list du groupe de travail GT08.<\/a><br><a rel=\"noreferrer noopener\" aria-label=\" (s\u2019ouvre dans un nouvel onglet)\" href=\"mailto:PROSP2020-GT08-COPIL-L@IN2P3.FR\" target=\"_blank\">Contacter le comit\u00e9 de pilotage du groupe GT08<\/a>.<br><a href=\"https:\/\/prospectives2020.in2p3.fr\/wp-content\/uploads\/2019\/07\/GT08_appel.pdf\">Appel \u00e0 contributions<\/a>: date limite 01\/11\/2019, (<a href=\"https:\/\/prospectives2020.in2p3.fr\/wp-content\/uploads\/2019\/07\/GT08_template.docx\">mod\u00e8le<\/a>).<\/p>\n\n\n\n<h2 class=\"wp-block-heading\">GT09 \u2013 Calcul, algorithmes et donn\u00e9es&nbsp; <\/h2>\n\n\n\n<h4 class=\"wp-block-heading\">Volker Beckmann<\/h4>\n\n\n\n<p>Rodolphe Cledassou (IN2P3), Pierre-Etienne Macchi (CCIN2P3),  Catherine Biscarat (LPSC, LCG-France), Nadine Neyroud (CSI, LAPP), David Rousseau (LAL),<\/p>\n\n\n\n<ul class=\"wp-block-list\"><li>Architectures et infrastructures pour le calcul dans le domaine de la PN, PP et AP<\/li><li>Science des donn\u00e9es et du calcul, les algorithmes et la programmation dans le domaine de la PP, NP et AP<\/li><\/ul>\n\n\n\n<p><a rel=\"noreferrer noopener\" aria-label=\" (s\u2019ouvre dans un nouvel onglet)\" href=\"https:\/\/listserv.in2p3.fr\/cgi-bin\/wa?A0=PROSP2020-GT09-L\" target=\"_blank\">Acc\u00e8s et inscription \u00e0 la mailing list du groupe de travail GT09.<\/a><br><a rel=\"noreferrer noopener\" aria-label=\" (s\u2019ouvre dans un nouvel onglet)\" href=\"mailto:PROSP2020-GT09-COPIL-L@IN2P3.FR\" target=\"_blank\">Contacter le comit\u00e9 de pilotage du groupe GT09<\/a>.<br><a href=\"https:\/\/prospectives2020.in2p3.fr\/wp-content\/uploads\/2019\/07\/GT09_appel.pdf\">Appel \u00e0 contributions<\/a>: date limite 21\/07\/2019 (<a href=\"https:\/\/survey.in2p3.fr\/index.php\/682212?lang=fr\">enqu\u00eate<\/a>).<\/p>\n\n\n\n<h2 class=\"wp-block-heading\">GT10 \u2013 Applications associ\u00e9es : sciences nucl\u00e9aires et vivant<\/h2>\n\n\n\n<h4 class=\"wp-block-heading\"> S\u00e9bastien Incerti<\/h4>\n\n\n\n<p>Fanny Farget (IN2P3), Sylvain David (IN2P3), Marc Rousseau (CSI, IPHC), Denis Dauvergne (GDR MI2B, LPSC), Lydia Maigne (LPC), Herv\u00e9 Seznec (CENBG), Christian Morel (CPPM)<\/p>\n\n\n\n<ul class=\"wp-block-list\"><li>Techniques innovantes pour la sant\u00e9 : imagerie nucl\u00e9aire, radio-isotopes <\/li><\/ul>\n\n\n\n<p><a rel=\"noreferrer noopener\" aria-label=\" (s\u2019ouvre dans un nouvel onglet)\" href=\"https:\/\/listserv.in2p3.fr\/cgi-bin\/wa?A0=PROSP2020-GT10-L\" target=\"_blank\">Acc\u00e8s et inscription \u00e0 la mailing list du groupe de travail GT10.<\/a><br><a rel=\"noreferrer noopener\" aria-label=\" (s\u2019ouvre dans un nouvel onglet)\" href=\"mailto:PROSP2020-GT10-COPIL-L@IN2P3.FR\" target=\"_blank\">Contacter le comit\u00e9 de pilotage du groupe GT10<\/a>.<br><a href=\"https:\/\/prospectives2020.in2p3.fr\/wp-content\/uploads\/2019\/07\/GT10_appel.pdf\">A<\/a><a rel=\"noreferrer noopener\" aria-label=\"ppel \u00e0 contributions (opens in a new tab)\" href=\"https:\/\/prospectives2020.in2p3.fr\/wp-content\/uploads\/2019\/07\/GT10_appel.pdf\" target=\"_blank\">ppel \u00e0 contributions<\/a>: date limite <a href=\"https:\/\/prospectives2020.in2p3.fr\/wp-content\/uploads\/2019\/09\/GT10_template1.docx\">1\u00e8res intentions<\/a> 30\/09\/2019, date limite <a href=\"https:\/\/prospectives2020.in2p3.fr\/wp-content\/uploads\/2019\/09\/GT10_template2.docx\">contributions finales<\/a> 01\/11\/2019.<\/p>\n\n\n\n<h2 class=\"wp-block-heading\">GT11 \u2013 Energie nucl\u00e9aire et environnement&nbsp;<\/h2>\n\n\n\n<h4 class=\"wp-block-heading\">S\u00e9bastien Incerti<\/h4>\n\n\n\n<p>Fanny Farget (IN2P3), Sylvain David (IN2P3), Annick Billebaud (GDR SCINEE, LPSC), R\u00e9mi Maurice (CSI, SUBATECH), Gilles Montavon (SUBATECH), Maelle Kerveno (IPHC), Nathalie Moncoffre (IP2I)<\/p>\n\n\n\n<ul class=\"wp-block-list\"><li>Fili\u00e8res et techniques innovantes de production d\u2019\u00e9nergie nucl\u00e9aire<\/li><li>Radionucl\u00e9ides dans l\u2019environnement<\/li><\/ul>\n\n\n\n<p><a rel=\"noreferrer noopener\" aria-label=\"Acc\u00e9der \u00e0 la mailing list du groupe de travail GT11 (s\u2019ouvre dans un nouvel onglet)\" href=\"https:\/\/listserv.in2p3.fr\/archives\/prosp2020-gt11-l.html\" target=\"_blank\">Acc\u00e8s et inscription \u00e0 la mailing list du groupe de travail GT11<\/a>.<br><a href=\"mailto:PROSP2020-GT11-COPIL-L@IN2P3.FR\">Contacter le comit\u00e9 de pilotage du groupe GT11<\/a>.<br><a href=\"https:\/\/prospectives2020.in2p3.fr\/wp-content\/uploads\/2019\/07\/GT11_appel.pdf\">Appel \u00e0 contributions<\/a>: date limite 01\/11\/2019, (<a href=\"https:\/\/prospectives2020.in2p3.fr\/wp-content\/uploads\/2019\/07\/GT11_template.docx\">mod\u00e8le<\/a>).<\/p>\n\n\n\n<h2 class=\"wp-block-heading\">GT12 \u2013 Applications associ\u00e9es : g\u00e9osciences, syst\u00e8me solaire et milieu interstellaire&nbsp;<\/h2>\n\n\n\n<h4 class=\"wp-block-heading\">S\u00e9bastien Incerti<\/h4>\n\n\n\n<p>Berrie Giebels (IN2P3), Olivier Drapier (CSI, LLR), Marin Chabot (IPNO), Jean Duprat (CSNSM), V\u00e9ronique Van Elewyck (APC)<\/p>\n\n\n\n<ul class=\"wp-block-list\"><li>&nbsp; Tomographie avec des muons atmosph\u00e9riques, micro-m\u00e9t\u00e9orites, \u2026<\/li><\/ul>\n\n\n\n<p><a rel=\"noreferrer noopener\" aria-label=\" (s\u2019ouvre dans un nouvel onglet)\" href=\"https:\/\/listserv.in2p3.fr\/cgi-bin\/wa?A0=PROSP2020-GT12-L\" target=\"_blank\">Acc\u00e8s et inscription \u00e0 la mailing list du groupe de travail GT12.<\/a><br><a rel=\"noreferrer noopener\" aria-label=\" (s\u2019ouvre dans un nouvel onglet)\" href=\"mailto:PROSP2020-GT12-COPIL-L@IN2P3.FR\" target=\"_blank\">Contacter le comit\u00e9 de pilotage du groupe GT12<\/a>.<br><a href=\"https:\/\/prospectives2020.in2p3.fr\/wp-content\/uploads\/2019\/07\/GT12_appel.pdf\">Appel \u00e0 contributions<\/a>: date limite 01\/11\/2019, (<a href=\"https:\/\/prospectives2020.in2p3.fr\/wp-content\/uploads\/2019\/07\/GT12_template.docx\">mod\u00e8le<\/a>).<\/p>\n\n\n\n<h2 class=\"wp-block-heading\">GT13 \u2013 Ressources humaines et financi\u00e8res &nbsp; <\/h2>\n\n\n\n<h4 class=\"wp-block-heading\">Reynald Pain \/ Patrice Verdier<\/h4>\n\n\n\n<p>Rodolphe Cl\u00e9dassou (IN2P3), Olivier Drapier (CSI, LLR), Anne Ealet (IP2I), Eric Kajfasz (CPPM), Arnaud Lucotte (LPSC), Laurence Mathy-Montalescot (IN2P3), Steve Pannetier (IN2P3), Christelle Roy (IPHC)<\/p>\n\n\n\n<p><a rel=\"noreferrer noopener\" aria-label=\" (s\u2019ouvre dans un nouvel onglet)\" href=\"https:\/\/listserv.in2p3.fr\/cgi-bin\/wa?A0=PROSP2020-GT13-L\" target=\"_blank\">Acc\u00e8s et inscription \u00e0 la mailing list du groupe de travail GT13.<\/a><br><a href=\"mailto:PROSP2020-GT13-COPIL-L@IN2P3.FR\" target=\"_blank\" rel=\"noreferrer noopener\" aria-label=\" (s\u2019ouvre dans un nouvel onglet)\">Contacter le comit\u00e9 de pilotage du groupe GT13<\/a>.   <\/p>\n\n\n\n<p>.   <\/p>\n\n\n\n<p><\/p>\n","protected":false},"excerpt":{"rendered":"<div class=\"entry-summary\">\nGT01 \u2013 Physique des particules Laurent Vacavant Dirk Zerwas (IRN Terascale, LAL), Francesco Polci (GDR InF, LPNHE), Christopher Smith (CSI, LPSC), Marie-H\u00e9l\u00e8ne Genest (LPSC), Christophe Ochando (LLR) Le mod\u00e8le standard de la physique des particules et au-del\u00e0 Le m\u00e9lange et&hellip;\n<\/div>\n<div class=\"link-more\"><a href=\"https:\/\/prospectives2020.in2p3.fr\/?page_id=8\" class=\"more-link\">Continue reading<span class=\"screen-reader-text\"> &ldquo;Groupes Th\u00e9matiques&rdquo;<\/span>&hellip;<\/a><\/div>\n","protected":false},"author":3,"featured_media":0,"parent":0,"menu_order":0,"comment_status":"closed","ping_status":"closed","template":"","meta":{"footnotes":""},"class_list":["post-8","page","type-page","status-publish","hentry","entry"],"jetpack_sharing_enabled":true,"_links":{"self":[{"href":"https:\/\/prospectives2020.in2p3.fr\/index.php?rest_route=\/wp\/v2\/pages\/8","targetHints":{"allow":["GET"]}}],"collection":[{"href":"https:\/\/prospectives2020.in2p3.fr\/index.php?rest_route=\/wp\/v2\/pages"}],"about":[{"href":"https:\/\/prospectives2020.in2p3.fr\/index.php?rest_route=\/wp\/v2\/types\/page"}],"author":[{"embeddable":true,"href":"https:\/\/prospectives2020.in2p3.fr\/index.php?rest_route=\/wp\/v2\/users\/3"}],"replies":[{"embeddable":true,"href":"https:\/\/prospectives2020.in2p3.fr\/index.php?rest_route=%2Fwp%2Fv2%2Fcomments&post=8"}],"version-history":[{"count":81,"href":"https:\/\/prospectives2020.in2p3.fr\/index.php?rest_route=\/wp\/v2\/pages\/8\/revisions"}],"predecessor-version":[{"id":287,"href":"https:\/\/prospectives2020.in2p3.fr\/index.php?rest_route=\/wp\/v2\/pages\/8\/revisions\/287"}],"wp:attachment":[{"href":"https:\/\/prospectives2020.in2p3.fr\/index.php?rest_route=%2Fwp%2Fv2%2Fmedia&parent=8"}],"curies":[{"name":"wp","href":"https:\/\/api.w.org\/{rel}","templated":true}]}}